{"id":479,"date":"2017-05-06T23:25:58","date_gmt":"2017-05-06T22:25:58","guid":{"rendered":"http:\/\/www.ervedehorst.nl\/?page_id=479"},"modified":"2017-05-06T23:33:29","modified_gmt":"2017-05-06T22:33:29","slug":"algemene-voorwaarden","status":"publish","type":"page","link":"https:\/\/www.ervedehorst.nl\/?page_id=479","title":{"rendered":"Algemene Voorwaarden"},"content":{"rendered":"<p>Artikel 1: Definities<br \/>\nIn deze voorwaarden wordt verstaan onder:<br \/>\na. groepsaccommodatie\/conferentieoord: het totaal aan of een gedeelte van gebouwen, vaartuigen en\/of onderkomens met alle toebehoren,<br \/>\ninventaris en meegehuurde zaken;<br \/>\nb. ondernemer: het bedrijf, de instelling of vereniging die de groepsaccommodatie of het conferentieoord aan de contractant ter beschikking<br \/>\nstelt;<br \/>\nc. contractant: degene die namens een groep de overeenkomst afsluit;<br \/>\nd. groep: het geheel aan individuen dat krachtens de overeenkomst het recht heeft in de groepsaccommodatie of het conferentieoord te<br \/>\nverblijven;<br \/>\ne. groepsleden: degenen die onderdeel uitmaken van de groep;<br \/>\nf. overeengekomen prijs: de vergoeding die betaald wordt voor het gebruik van de groepsaccommodatie\/ het conferentieoord; hierbij dient<br \/>\nschriftelijk vermeld te worden wat wel en niet in de prijs inbegrepen is;<br \/>\ng. kosten: alle kosten voor de ondernemer die samenhangen met de uitoefening van het recreatieverblijf;<br \/>\nh. informatie: schriftelijke of elektronisch aangereikte gegevens over het gebruik van de groepsaccommodatie\/ het conferentieoord, de<br \/>\nvoorzieningen en de regels omtrent het verblijf;<br \/>\ni. annulering: de schriftelijke be\u00ebindiging van de overeenkomst door de contractant v\u00f3\u00f3r de ingangsdatum van het verblijf.<br \/>\nOveral waar hierna in de voorwaarden wordt gesproken over groepsaccommodatie, dient ook conferentieoord(en) te worden gelezen.<\/p>\n<p>Artikel 2: Inhoud overeenkomst<br \/>\n1. De ondernemer stelt voor recreatieve en\/of zakelijke doeleinden, dus niet voor permanente bewoning, aan de groep ter beschikking de<br \/>\novereengekomen groepsaccommodatie voor de overeengekomen periode en de overeengekomen prijs.<br \/>\n2. De ondernemer is verplicht de schriftelijke informatie op basis waarvan deze overeenkomst mede wordt gesloten vooraf aan de recreant te<br \/>\nverstrekken. De ondernemer maakt wijzigingen hierin steeds tijdig schriftelijk aan de contractant bekend.<br \/>\n3. Indien de informatie ingrijpend afwijkt ten opzichte van de informatie zoals die verstrekt is bij het aangaan van de overeenkomst, heeft de<br \/>\nrecreant het recht de overeenkomst zonder kosten te annuleren.<br \/>\n4. De contractant heeft de verplichting de overeenkomst en de regels in de bijbehorende informatie na te leven. Hij draagt er zorg voor, dat<br \/>\nde groepsleden de overeenkomst en de regels in de bijbehorende informatie naleven.<br \/>\n5. De ondernemer gaat er van uit dat de contractant met instemming van de groepsleden deze overeenkomst aangaat.<br \/>\n6. De contractant is gehouden de ondernemer, uiterlijk op de dag van aankomst, een lijst met groepsleden te overhandigen.<\/p>\n<p>Artikel 3: Duur en afloop van de overeenkomst<br \/>\nDe overeenkomst eindigt van rechtswege na het verstrijken van de overeengekomen periode, zonder dat daartoe een opzegging is vereist.<\/p>\n<p>Artikel 4: Prijs en prijswijziging<br \/>\n1. De prijs wordt overeengekomen op basis van de op dat moment geldende tarieven, welke door de ondernemer zijn vastgesteld.<br \/>\n2. Indien na vaststelling van de overeengekomen prijs, door een lastenverzwaring aan de zijde van de ondernemer, extra kosten ontstaan als<br \/>\ngevolg van een wijziging van lasten en\/of heffingen, die direct op de accommodatie of de contractant en\/of de groepsleden betrekking<br \/>\nhebben, kunnen deze aan de contractant worden doorberekend, ook na de afsluiting van de overeenkomst.<\/p>\n<p>Artikel 5: Betaling<br \/>\n1. De contractant dient de betalingen in euros te verrichten, tenzij anders is overeengekomen.<br \/>\n2. Indien de contractant, ondanks voorafgaande schriftelijke aanmaning, zijn betalingsverplichting binnen een termijn van twee weken na de<br \/>\nschriftelijke aanmaning niet of niet behoorlijk nakomt, heeft de ondernemer het recht de overeenkomst met onmiddellijke ingang op te<br \/>\nzeggen, onverminderd het recht van de ondernemer op volledige betaling van de overeengekomen prijs.<br \/>\n3. Indien de ondernemer op de dag van aankomst niet in het bezit is van het totale verschuldigde bedrag, is hij gerechtigd de contractant en<br \/>\nde groepsleden de toegang tot de groepsaccommodatie te ontzeggen, onverminderd het recht van de ondernemer op volledige betaling van de<br \/>\novereengekomen prijs.<br \/>\n4. De door de ondernemer in redelijkheid gemaakte buitengerechtelijke kosten, na een ingebrekestelling, komen ten laste van de contractant.<br \/>\nIndien het totale bedrag niet tijdig is voldaan, zal na schriftelijke sommatie het wettelijk vastgestelde rentepercentage over het nog<br \/>\nopenstaande bedrag in rekening worden gebracht.<\/p>\n<p>Artikel 6: Annulering<br \/>\n1. Bij annulering betaald de contractant een vergoeding aan de ondernemer. Deze bedraagt:<br \/>\n&#8211; bij een annulering meer dan twaalf maanden voor de ingangsdatum, 10% van de overeengekomen prijs;<br \/>\n&#8211; bij een annulering meer dan zes maanden voor de ingangsdatum, 30% van de overeengekomen prijs;<br \/>\n&#8211; bij annulering binnen vier tot zes maanden voor de ingangsdatum, 70% van de overeengekomen prijs;<br \/>\n&#8211; bij annulering binnen twee tot vier maanden voor de ingangsdatum, 80% van de overeengekomen prijs;<br \/>\n&#8211; bij annulering binnen twee maanden voor de ingangsdatum, 95% van de overeengekomen prijs;<br \/>\n&#8211; bij annulering op de dag van de ingangsdatum, 100% van de overeengekomen prijs.<br \/>\n2. Bij een annulering meer dan zes maanden voor de ingangsdatum van de overeenkomst, welke is aangegaan door of namens een andere<br \/>\npersoon dan een rechtspersoon of onderneming, dient de vergoeding, na aftrek van administratiekosten, naar evenredigheid gerestitueerd te<br \/>\nworden, indien de groepsaccommodatie door een derde wordt gereserveerd voor dezelfde periode of een gedeelte daarvan. In alle andere<br \/>\ngevallen zal de vergoeding naar evenredigheid gerestitueerd worden, na aftrek van administratiekosten, indien de groepsaccommodatie door<br \/>\neen derde op voordracht van de contractant en met schriftelijke instemming van de ondernemer wordt gereserveerd voor dezelfde periode of<br \/>\neen gedeelte daarvan.<\/p>\n<p>Artikel 7: Gebruik door derden<br \/>\n1. Gebruik door derden van de groepsaccommodatie is slechts toegestaan indien de ondernemer daarvoor schriftelijk toestemming heeft<br \/>\ngegeven.<br \/>\n2. Aan de gegeven toestemming kunnen voorwaarden worden gesteld, welke alsdan tevoren schriftelijk dienen te zijn vastgesteld.<\/p>\n<p>Artikel 8: Voortijdig vertrek van de contractant<br \/>\nDe contractant is de volledige prijs voor de overeengekomen periode verschuldigd.<\/p>\n<p>Artikel 9: Tussentijdse be\u00ebindiging door de ondernemer en ontruiming bij een toerekenbare tekortkoming en\/of onrechtmatige daad<br \/>\n1. De ondernemer kan de overeenkomst met onmiddellijke ingang opzeggen:<br \/>\na. Indien de contractant en\/of de groepsleden de verplichtingen uit de overeenkomst, de regels uit de bijbehorende informatie en\/of de<br \/>\noverheidsvoorschriften, ondanks voorafgaande schriftelijke waarschuwing, niet of niet behoorlijk naleeft of naleven en wel in zodanige mate<br \/>\ndat naar de maatstaven van redelijkheid en billijkheid van de ondernemer niet kan worden gevergd, dat de overeenkomst wordt voortgezet;<br \/>\nb. Indien de contractant en\/of de groepsleden ondanks voorafgaande schriftelijke waarschuwing, overlast aan de ondernemer en\/of anderen<br \/>\nbezorgt\/bezorgen, of indien de contractant en\/of de groepsleden de goede sfeer op, of in de directe omgeving van het terrein bederft\/<br \/>\nbederven;<br \/>\nc. Indien de contractant en\/of de groepsleden, ondanks voorafgaande schriftelijke waarschuwing door gebruik van het groepsverblijf in strijd<br \/>\nmet de bestemming van het terrein handelt\/handelen;<br \/>\n2. Indien de ondernemer tussentijdse opzegging en ontruiming wenst, moet hij dit de contractant bij persoonlijk overhandigde brief laten<br \/>\nweten. Na opzegging dient de contractant ervoor te zorgen dat de groepsaccommodatie is ontruimd en de groep dan wel de betreffende<br \/>\ngroepsleden het terrein ten spoedigste hebben verlaten, doch uiterlijk binnen vier uur.<br \/>\n3. Indien de contractant nalaat de groepsaccommodatie te ontruimen, is de ondernemer gerechtigd de groepsaccommodatie op kosten van de<br \/>\ncontractant te ontruimen.<br \/>\n4. De contractant blijft in beginsel gehouden het overeengekomen tarief te betalen.<\/p>\n<p>Artikel 10: Wet- en regelgeving<br \/>\n1. De ondernemer zorgt er te allen tijde voor dat de groepsaccommodatie zowel in- als extern aan alle milieu- en veiligheidseisen voldoet, die<br \/>\nvan overheidswege aan de groepsaccommodatie (kunnen) worden gesteld.<br \/>\n2. De contractant en de groepsleden zijn verplicht alle in de groepsaccommodatie geldende veiligheidsvoorschriften strikt na te leven. De<br \/>\ncontractant en de groepsleden dragen er tevens zorg voor dat derde(n) die hem\/hen bezoeken en\/of bij hem\/hen verblijven, de op het terrein<br \/>\ngeldende veiligheidsvoorschriften strikt naleven.<\/p>\n<p>Artikel 11: Onderhoud en aanleg<br \/>\n1. De ondernemer is verplicht de groepsaccommodatie en de centrale voorzieningen in een goede staat van onderhoud te houden.<br \/>\n2. De groep is verplicht de groepsaccommodatie en het terrein rondom de groepsaccommodatie gedurende de looptijd van de overeenkomst<br \/>\nin dezelfde staat te houden.<br \/>\n3. Het is de contractant en de groepsleden niet toegestaan op het terrein rondom de groepsaccommodatie te graven, bomen te kappen,<br \/>\nstruiken te snoeien of enige nadere activiteit van een dergelijke aard uit te voeren.<\/p>\n<p>Artikel 12: Aansprakelijkheid<br \/>\n1. De wettelijke aansprakelijkheid van de ondernemer voor andere dan letsel- en overlijdensschade is beperkt tot een maximum van \u20ac<br \/>\n455.000,- per gebeurtenis. De ondernemer is verplicht zich hiervoor te verzekeren.<br \/>\n2. De ondernemer is niet aansprakelijk voor een ongeval, diefstal of schade op zijn terrein, tenzij dit het gevolg is van een tekortkoming die<br \/>\naan de ondernemer is toe te rekenen.<br \/>\n3. De ondernemer is niet aansprakelijk voor de gevolgen van extreme weersinvloeden of andere vormen van overmacht.<br \/>\n4. De ondernemer is aansprakelijk voor storingen in de nutsvoorzieningen, tenzij hij een beroep kan doen op overmacht.<br \/>\n5. Indien de gehuurde groepsaccommodatie buiten de schuld van de ondernemer teniet is gegaan of tijdelijk niet gebruikt kan worden,<br \/>\nhebben de ondernemer en de contractant het recht de overeenkomst op te zeggen. Indien het tenietgaan van de groepsaccommodatie of het<br \/>\ntijdelijk buiten gebruik zijn van de groepsaccommodatie aan de ondernemer is toe te rekenen, kan de contractant schadevergoeding eisen.<br \/>\n6. De contractant is jegens de ondernemer aansprakelijk voor schade die is veroorzaakt door het doen of (na)laten van hemzelf en\/of (een<br \/>\nvan) de groepsleden, voor zover het gaat om schade die aan de contractant en\/of (een van) de groepsleden kan worden toegerekend.<\/p>\n<p>Artikel 13: Geschillenregeling<br \/>\n1. Op alle geschillen met betrekking tot de overeenkomst is Nederlands recht van toepassing. Uitsluitend Nederlandse rechter is bevoegd van<br \/>\ndeze geschillen kennis te nemen. De groepsleden dient zijn klacht binnen twee weken na het ontstaan schriftelijk aan de ondernemer te<br \/>\nhebben voorgelegd.<\/p>\n","protected":false},"excerpt":{"rendered":"<p>Artikel 1: Definities In deze voorwaarden wordt verstaan onder: a. groepsaccommodatie\/conferentieoord: het totaal aan of een gedeelte van gebouwen, vaartuigen en\/of onderkomens met alle toebehoren, inventaris en meegehuurde zaken; b. ondernemer: het bedrijf, de instelling of vereniging die de groepsaccommodatie of het conferentieoord aan de contractant ter beschikking stelt; c. contractant: degene die namens een [&hellip;]<\/p>\n","protected":false},"author":100024,"featured_media":0,"parent":0,"menu_order":0,"comment_status":"closed","ping_status":"closed","template":"","meta":{"_genesis_hide_title":false,"_genesis_hide_breadcrumbs":false,"_genesis_hide_singular_image":false,"_genesis_hide_footer_widgets":false,"_genesis_custom_body_class":"","_genesis_custom_post_class":"","_genesis_layout":"","ngg_post_thumbnail":0},"_links":{"self":[{"href":"https:\/\/www.ervedehorst.nl\/index.php?rest_route=\/wp\/v2\/pages\/479"}],"collection":[{"href":"https:\/\/www.ervedehorst.nl\/index.php?rest_route=\/wp\/v2\/pages"}],"about":[{"href":"https:\/\/www.ervedehorst.nl\/index.php?rest_route=\/wp\/v2\/types\/page"}],"author":[{"embeddable":true,"href":"https:\/\/www.ervedehorst.nl\/index.php?rest_route=\/wp\/v2\/users\/100024"}],"replies":[{"embeddable":true,"href":"https:\/\/www.ervedehorst.nl\/index.php?rest_route=%2Fwp%2Fv2%2Fcomments&post=479"}],"version-history":[{"count":4,"href":"https:\/\/www.ervedehorst.nl\/index.php?rest_route=\/wp\/v2\/pages\/479\/revisions"}],"predecessor-version":[{"id":487,"href":"https:\/\/www.ervedehorst.nl\/index.php?rest_route=\/wp\/v2\/pages\/479\/revisions\/487"}],"wp:attachment":[{"href":"https:\/\/www.ervedehorst.nl\/index.php?rest_route=%2Fwp%2Fv2%2Fmedia&parent=479"}],"curies":[{"name":"wp","href":"https:\/\/api.w.org\/{rel}","templated":true}]}}